{"id":2,"date":"2013-10-10T07:49:40","date_gmt":"2013-10-10T07:49:40","guid":{"rendered":"http:\/\/ancova.es\/?page_id=2"},"modified":"2017-01-20T14:05:49","modified_gmt":"2017-01-20T13:05:49","slug":"pagina-ejemplo","status":"publish","type":"page","link":"https:\/\/www.ancova.es\/","title":{"rendered":"ANCOVA"},"content":{"rendered":"<p style=\"text-align: justify;\"><a href=\"\/wp-content\/uploads\/2013\/10\/Img_portada_ancova.png\"><img loading=\"lazy\" decoding=\"async\" class=\"size-medium wp-image-160 alignright\" style=\"margin: 10px;\" alt=\"Img_portada_ancova\" src=\"\/wp-content\/uploads\/2013\/10\/Img_portada_ancova-236x300.png\" width=\"236\" height=\"300\" srcset=\"https:\/\/www.ancova.es\/wp-content\/uploads\/2013\/10\/Img_portada_ancova-236x300.png 236w, https:\/\/www.ancova.es\/wp-content\/uploads\/2013\/10\/Img_portada_ancova-30x38.png 30w, https:\/\/www.ancova.es\/wp-content\/uploads\/2013\/10\/Img_portada_ancova.png 496w\" sizes=\"(max-width: 236px) 100vw, 236px\" \/><\/a><span style=\"color: #003366;\"><strong><\/strong><strong>ANCOVA<\/strong> <span style=\"color: #888888;\">es una organizaci\u00f3n de car\u00e1cter cient\u00edfico que nace de la necesidad de promover la docencia y la investigaci\u00f3n en el campo de la neurooncolog\u00eda. Entre sus objetivos destaca la labor de facilitar la investigaci\u00f3n docente de los diferentes especialistas relacionados con la neurooncolog\u00eda. <\/span><\/span><\/p>\n<p style=\"text-align: justify;\"><span style=\"color: #003366;\"><span style=\"color: #888888;\">Con este fin la asociaci\u00f3n promueve tanto la realizaci\u00f3n de actividades cient\u00edficas y de formaci\u00f3n como la publicaci\u00f3n de art\u00edculos y resultados en revistas nacionales e internacionales.<\/span><strong><br \/>\n<\/strong><\/span><\/p>\n<p>&nbsp;<\/p>\n<h2><span style=\"text-decoration: underline;\"><span style=\"color: #003366; text-decoration: underline;\">Destacados ANCOVA<\/span><span style=\"color: #003366; text-decoration: underline;\"><br \/>\n<\/span><\/span><\/h2>\n<p>Sin destacados<\/p>\n","protected":false},"excerpt":{"rendered":"<p>ANCOVA es una organizaci\u00f3n de car\u00e1cter cient\u00edfico que nace de la necesidad de promover la docencia y la investigaci\u00f3n en el campo de la neurooncolog\u00eda. Entre sus objetivos destaca la labor de facilitar la investigaci\u00f3n docente de los diferentes especialistas relacionados con la neurooncolog\u00eda. Con este fin la asociaci\u00f3n promueve tanto la realizaci\u00f3n de actividades [&hellip;]<\/p>\n","protected":false},"author":1,"featured_media":0,"parent":0,"menu_order":1,"comment_status":"closed","ping_status":"open","template":"","meta":{"footnotes":""},"class_list":["post-2","page","type-page","status-publish","hentry"],"_links":{"self":[{"href":"https:\/\/www.ancova.es\/index.php?rest_route=\/wp\/v2\/pages\/2"}],"collection":[{"href":"https:\/\/www.ancova.es\/index.php?rest_route=\/wp\/v2\/pages"}],"about":[{"href":"https:\/\/www.ancova.es\/index.php?rest_route=\/wp\/v2\/types\/page"}],"author":[{"embeddable":true,"href":"https:\/\/www.ancova.es\/index.php?rest_route=\/wp\/v2\/users\/1"}],"replies":[{"embeddable":true,"href":"https:\/\/www.ancova.es\/index.php?rest_route=%2Fwp%2Fv2%2Fcomments&post=2"}],"version-history":[{"count":1,"href":"https:\/\/www.ancova.es\/index.php?rest_route=\/wp\/v2\/pages\/2\/revisions"}],"predecessor-version":[{"id":539,"href":"https:\/\/www.ancova.es\/index.php?rest_route=\/wp\/v2\/pages\/2\/revisions\/539"}],"wp:attachment":[{"href":"https:\/\/www.ancova.es\/index.php?rest_route=%2Fwp%2Fv2%2Fmedia&parent=2"}],"curies":[{"name":"wp","href":"https:\/\/api.w.org\/{rel}","templated":true}]}}